{"id":5051,"date":"2026-02-01T13:25:45","date_gmt":"2026-02-01T11:25:45","guid":{"rendered":"https:\/\/wattium.fi\/battery_for-the-cottage\/"},"modified":"2026-03-12T15:03:20","modified_gmt":"2026-03-12T13:03:20","slug":"battery_for-the-cottage","status":"publish","type":"page","link":"https:\/\/wattium.fi\/en\/battery_for-the-cottage\/","title":{"rendered":"For battery-powered campers"},"content":{"rendered":"<p>[et_pb_section fb_built=&#8221;1&#8243; admin_label=&#8221;Features&#8221; _builder_version=&#8221;4.27.4&#8243; _module_preset=&#8221;default&#8221; background_color=&#8221;#FFFFFF&#8221; custom_padding=&#8221;||18px|||&#8221; locked=&#8221;off&#8221; collapsed=&#8221;off&#8221; global_colors_info=&#8221;{}&#8221;][et_pb_row _builder_version=&#8221;4.22.1&#8243; _module_preset=&#8221;default&#8221; global_colors_info=&#8221;{}&#8221;][et_pb_column type=&#8221;4_4&#8243; _builder_version=&#8221;4.22.1&#8243; _module_preset=&#8221;default&#8221; global_colors_info=&#8221;{}&#8221;][et_pb_heading title=&#8221;Battery for cottage with 12V electricity&#8221; _builder_version=&#8221;4.27.4&#8243; _module_preset=&#8221;default&#8221; title_text_color=&#8221;#000000&#8243; title_font_size=&#8221;56px&#8221; title_line_height=&#8221;1.1em&#8221; custom_padding=&#8221;||0px|||&#8221; hover_enabled=&#8221;0&#8243; title_font_size_tablet=&#8221;56px&#8221; title_font_size_phone=&#8221;30px&#8221; title_font_size_last_edited=&#8221;on|phone&#8221; global_colors_info=&#8221;{}&#8221; sticky_enabled=&#8221;0&#8243;][\/et_pb_heading][et_pb_text _builder_version=&#8221;4.27.4&#8243; _module_preset=&#8221;default&#8221; text_font=&#8221;Lato||||||||&#8221; text_text_color=&#8221;#000000&#8243; text_font_size=&#8221;17px&#8221; header_2_font=&#8221;Open Sans|300|||||||&#8221; header_2_text_color=&#8221;#FFFFFF&#8221; header_4_font=&#8221;Roboto Mono|700||on|||||&#8221; header_4_text_color=&#8221;#FFFFFF&#8221; header_4_font_size=&#8221;14px&#8221; background_layout=&#8221;dark&#8221; custom_margin=&#8221;|100px|||false|false&#8221; custom_margin_tablet=&#8221;|100px|||false|false&#8221; custom_margin_phone=&#8221;|10px|||false|false&#8221; custom_margin_last_edited=&#8221;on|phone&#8221; custom_padding=&#8221;||0px|||&#8221; custom_css_main_element=&#8221;margin:auto;&#8221; global_colors_info=&#8221;{}&#8221;]<\/p>\n<p><strong>The starting point:<\/strong> a detached cottage with mainly only electronics and a 12V fridge when on site. When not present, the battery is switched off. Remote monitoring and inverters are not considered necessary here.  <\/p>\n<p>The yield from solar panels is not taken into account, due to the fact that it is not available at all in all circumstances. Naturally, during the summer, the panels provide most, if not all, of the energy needed. As the cottage is used in all seasons, it is useful to have an aggregate and a charger on site to charge the battery when needed.  <\/p>\n<p>&nbsp;<\/p>\n<p>[\/et_pb_text][\/et_pb_column][\/et_pb_row][\/et_pb_section][et_pb_section fb_built=&#8221;1&#8243; admin_label=&#8221;Features&#8221; _builder_version=&#8221;4.27.4&#8243; _module_preset=&#8221;default&#8221; background_color=&#8221;#f5f7f8&#8243; custom_padding=&#8221;||12px|||&#8221; locked=&#8221;off&#8221; collapsed=&#8221;off&#8221; global_colors_info=&#8221;{}&#8221;][et_pb_row _builder_version=&#8221;4.22.1&#8243; _module_preset=&#8221;default&#8221; global_colors_info=&#8221;{}&#8221;][et_pb_column type=&#8221;4_4&#8243; _builder_version=&#8221;4.22.1&#8243; _module_preset=&#8221;default&#8221; global_colors_info=&#8221;{}&#8221;][et_pb_image src=&#8221;https:\/\/wattium.fi\/wp-content\/uploads\/2026\/02\/Akku-eramokille.jpg&#8221; title_text=&#8221;Battery for the camping cabin&#8221; url=&#8221;https:\/\/wattium.fi\/wp-content\/uploads\/2026\/02\/Akku-eramokille.jpg&#8221; disabled_on=&#8221;off|off|off&#8221; _builder_version=&#8221;4.27.4&#8243; _module_preset=&#8221;default&#8221; width=&#8221;100%&#8221; width_tablet=&#8221;100%&#8221; width_phone=&#8221;100%&#8221; width_last_edited=&#8221;on|phone&#8221; module_alignment=&#8221;center&#8221; global_colors_info=&#8221;{}&#8221;][\/et_pb_image][\/et_pb_column][\/et_pb_row][et_pb_row make_equal=&#8221;on&#8221; _builder_version=&#8221;4.27.4&#8243; _module_preset=&#8221;default&#8221; global_colors_info=&#8221;{}&#8221;][et_pb_column type=&#8221;4_4&#8243; _builder_version=&#8221;4.27.4&#8243; _module_preset=&#8221;default&#8221; custom_css_main_element=&#8221;margin: auto;&#8221; global_colors_info=&#8221;{}&#8221;][et_pb_text _builder_version=&#8221;4.27.4&#8243; _module_preset=&#8221;3ff07dc4-0d4c-4b4d-b67a-dd7609d53a4e&#8221; text_text_color=&#8221;#000000&#8243; text_font_size=&#8221;17px&#8221; custom_padding=&#8221;||0px|||&#8221; locked=&#8221;off&#8221; global_colors_info=&#8221;{}&#8221;]<\/p>\n<p style=\"text-align: center;\">The infographic summarises the main features of a small battery for winter conditions.<\/p>\n<p style=\"text-align: center;\">Click on the image &#8211; opens larger<\/p>\n<p>[\/et_pb_text][\/et_pb_column][\/et_pb_row][\/et_pb_section][et_pb_section fb_built=&#8221;1&#8243; admin_label=&#8221;Features&#8221; _builder_version=&#8221;4.27.4&#8243; _module_preset=&#8221;default&#8221; background_color=&#8221;#FFFFFF&#8221; custom_padding=&#8221;||12px|||&#8221; locked=&#8221;off&#8221; collapsed=&#8221;off&#8221; global_colors_info=&#8221;{}&#8221;][et_pb_row _builder_version=&#8221;4.22.1&#8243; _module_preset=&#8221;default&#8221; global_colors_info=&#8221;{}&#8221;][et_pb_column type=&#8221;4_4&#8243; _builder_version=&#8221;4.22.1&#8243; _module_preset=&#8221;default&#8221; global_colors_info=&#8221;{}&#8221;][et_pb_text admin_label=&#8221;Wattium mahdollistaa normaalin s\u00e4hk\u00f6nk\u00e4yt\u00f6n miss\u00e4 ja milloin tahansa.&#8221; _builder_version=&#8221;4.27.4&#8243; _module_preset=&#8221;0afea3b8-b43a-416d-8649-55a1ccf58b49&#8243; header_text_color=&#8221;#000000&#8243; header_2_font=&#8221;Roboto|300|||||||&#8221; header_2_text_color=&#8221;#000000&#8243; header_4_font=&#8221;Roboto Mono|700||on|||||&#8221; header_4_text_color=&#8221;#FFFFFF&#8221; header_4_font_size=&#8221;14px&#8221; custom_padding=&#8221;||0px|||&#8221; header_2_font_size_tablet=&#8221;&#8221; header_2_font_size_phone=&#8221;30px&#8221; header_2_font_size_last_edited=&#8221;on|phone&#8221; global_colors_info=&#8221;{}&#8221;]<\/p>\n<h2>For more information, visit<\/h2>\n<p>[\/et_pb_text][\/et_pb_column][\/et_pb_row][et_pb_row make_equal=&#8221;on&#8221; _builder_version=&#8221;4.27.4&#8243; _module_preset=&#8221;default&#8221; global_colors_info=&#8221;{}&#8221;][et_pb_column type=&#8221;4_4&#8243; _builder_version=&#8221;4.27.4&#8243; _module_preset=&#8221;default&#8221; custom_css_main_element=&#8221;margin: auto;&#8221; global_colors_info=&#8221;{}&#8221;][et_pb_text admin_label=&#8221;Wattium&#8221; _builder_version=&#8221;4.27.4&#8243; _module_preset=&#8221;0afea3b8-b43a-416d-8649-55a1ccf58b49&#8243; text_font=&#8221;Lato||||||||&#8221; text_text_color=&#8221;#000000&#8243; text_font_size=&#8221;17px&#8221; header_2_font=&#8221;Open Sans|300|||||||&#8221; header_2_text_color=&#8221;#FFFFFF&#8221; header_3_text_color=&#8221;#000000&#8243; header_4_font=&#8221;Roboto Mono|700||on|||||&#8221; header_4_text_color=&#8221;#FFFFFF&#8221; header_4_font_size=&#8221;14px&#8221; background_layout=&#8221;dark&#8221; custom_margin=&#8221;|100px|||false|false&#8221; custom_margin_tablet=&#8221;|100px|||false|false&#8221; custom_margin_phone=&#8221;|10px|||false|false&#8221; custom_margin_last_edited=&#8221;on|phone&#8221; custom_padding=&#8221;||2px|||&#8221; custom_css_main_element=&#8221;margin:auto;&#8221; global_colors_info=&#8221;{}&#8221;]<\/p>\n<h3>Heatable Lithium battery<\/h3>\n<p>The time needed to heat lithium batteries is an estimate. When heating the battery, it must be taken into account that the internal parts of the battery also reach a sufficient temperature. <\/p>\n<p>For example, there is a Sunwind 300Ah battery for which the manufacturer states a heating time of 45 min when the initial temperature is -15C. Often this information is not available. Not even the power ratings of the heating resistor.   <\/p>\n<h3>Heating a lithium battery indoors<\/h3>\n<p>For example, if the battery is in a living space and the space is heated on arrival or with a remote heater &#8211; batteries can take a very long time to warm up. This is because the heat flux transferred to the battery is dependent on the room air temperature, which increases relatively slowly. Heat from the outside of the battery must also be transferred to the core of the battery.  <\/p>\n<p>If the battery is encased in a plastic or metal case that does not provide very good heat conduction to the cells, it can take up to several days for a large battery to warm up.<\/p>\n<h3>Charge produced by panels at temperatures below 0C<\/h3>\n<p>When the battery is below 0C, the battery protection circuits may prevent charging until the battery is warm. This can cause a nasty surprise when the energy from the panels does not build up the battery&#8217;s charge. <\/p>\n<h3>Lead-acid battery backup with aggregate<\/h3>\n<p>For a lead-acid battery, it is worth noting that it can take a very long time for the battery to reach full charge when charging with an aggregate. Often chargers enter a so-called float state when the battery is about 80% charged, after which charging slows down dramatically. This is why often the actual usable capacity of the battery can be lower than expected &#8211; if the battery is not fully charged.   <\/p>\n<p>[\/et_pb_text][et_pb_text _builder_version=&#8221;4.27.4&#8243; _module_preset=&#8221;default&#8221; global_colors_info=&#8221;{}&#8221;]<\/p>\n<table>\n<tr>\n<th>Step<\/th>\n<th>New battery<\/th>\n<th>Softened battery<\/th>\n<\/tr>\n<tr>\n<td>Bulk<\/td>\n<td>1-3 h<\/td>\n<td>10-40 min<\/td>\n<\/tr>\n<tr>\n<td>Absorption<\/td>\n<td>2-6 h<\/td>\n<td>0.5-2 h<\/td>\n<\/tr>\n<tr>\n<td>Float<\/td>\n<td>maintenance<\/td>\n<td>does not fill the battery<\/td>\n<\/tr>\n<tr>\n<td>Equalisation<\/td>\n<td>1-2 h<\/td>\n<td>1-3 h<\/td>\n<\/tr>\n<\/table>\n<p>[\/et_pb_text][\/et_pb_column][\/et_pb_row][\/et_pb_section][et_pb_section fb_built=&#8221;1&#8243; admin_label=&#8221;Features&#8221; _builder_version=&#8221;4.27.4&#8243; _module_preset=&#8221;default&#8221; background_color=&#8221;#f5f7fa&#8221; custom_padding=&#8221;||12px|||&#8221; locked=&#8221;off&#8221; collapsed=&#8221;off&#8221; global_colors_info=&#8221;{}&#8221;][et_pb_row _builder_version=&#8221;4.22.1&#8243; _module_preset=&#8221;default&#8221; global_colors_info=&#8221;{}&#8221;][et_pb_column type=&#8221;4_4&#8243; _builder_version=&#8221;4.22.1&#8243; _module_preset=&#8221;default&#8221; global_colors_info=&#8221;{}&#8221;][et_pb_text admin_label=&#8221;Wattium mahdollistaa normaalin s\u00e4hk\u00f6nk\u00e4yt\u00f6n miss\u00e4 ja milloin tahansa.&#8221; _builder_version=&#8221;4.27.4&#8243; _module_preset=&#8221;0afea3b8-b43a-416d-8649-55a1ccf58b49&#8243; header_text_color=&#8221;#000000&#8243; header_2_font=&#8221;Roboto|300|||||||&#8221; header_2_text_color=&#8221;#000000&#8243; header_4_font=&#8221;Roboto Mono|700||on|||||&#8221; header_4_text_color=&#8221;#FFFFFF&#8221; header_4_font_size=&#8221;14px&#8221; custom_padding=&#8221;||0px|||&#8221; header_2_font_size_tablet=&#8221;&#8221; header_2_font_size_phone=&#8221;30px&#8221; header_2_font_size_last_edited=&#8221;on|phone&#8221; global_colors_info=&#8221;{}&#8221;]<\/p>\n<h2>Examples of batteries<\/h2>\n<p>[\/et_pb_text][\/et_pb_column][\/et_pb_row][et_pb_row make_equal=&#8221;on&#8221; _builder_version=&#8221;4.27.4&#8243; _module_preset=&#8221;default&#8221; global_colors_info=&#8221;{}&#8221;][et_pb_column type=&#8221;4_4&#8243; _builder_version=&#8221;4.27.4&#8243; _module_preset=&#8221;default&#8221; custom_css_main_element=&#8221;margin: auto;&#8221; global_colors_info=&#8221;{}&#8221;][et_pb_text _builder_version=&#8221;4.27.4&#8243; _module_preset=&#8221;default&#8221; custom_padding=&#8221;||0px|||&#8221; global_colors_info=&#8221;{}&#8221;]<\/p>\n<p>It will be possible to list proven models here later.<\/p>\n<p>[\/et_pb_text][\/et_pb_column][\/et_pb_row][\/et_pb_section][et_pb_section fb_built=&#8221;1&#8243; admin_label=&#8221;Features&#8221; _builder_version=&#8221;4.22.1&#8243; _module_preset=&#8221;default&#8221; background_color=&#8221;#7ab6e8&#8243; locked=&#8221;off&#8221; collapsed=&#8221;off&#8221; global_colors_info=&#8221;{}&#8221;][et_pb_row _builder_version=&#8221;4.22.1&#8243; _module_preset=&#8221;default&#8221; global_colors_info=&#8221;{}&#8221;][et_pb_column type=&#8221;4_4&#8243; _builder_version=&#8221;4.22.1&#8243; _module_preset=&#8221;default&#8221; global_colors_info=&#8221;{}&#8221;][et_pb_text admin_label=&#8221;Wattium mahdollistaa normaalin s\u00e4hk\u00f6nk\u00e4yt\u00f6n miss\u00e4 ja milloin tahansa.&#8221; _builder_version=&#8221;4.27.4&#8243; _module_preset=&#8221;0afea3b8-b43a-416d-8649-55a1ccf58b49&#8243; header_2_font=&#8221;Roboto|300|||||||&#8221; header_2_text_color=&#8221;#FFFFFF&#8221; header_4_font=&#8221;Roboto Mono|700||on|||||&#8221; header_4_text_color=&#8221;#FFFFFF&#8221; header_4_font_size=&#8221;14px&#8221; custom_padding=&#8221;0px||0px|||&#8221; header_2_font_size_tablet=&#8221;&#8221; header_2_font_size_phone=&#8221;30px&#8221; header_2_font_size_last_edited=&#8221;on|phone&#8221; global_colors_info=&#8221;{}&#8221;]<\/p>\n<h2>If something was left wondering<\/h2>\n<p>[\/et_pb_text][\/et_pb_column][\/et_pb_row][et_pb_row make_equal=&#8221;on&#8221; _builder_version=&#8221;4.27.4&#8243; _module_preset=&#8221;default&#8221; global_colors_info=&#8221;{}&#8221;][et_pb_column type=&#8221;4_4&#8243; _builder_version=&#8221;4.27.4&#8243; _module_preset=&#8221;default&#8221; custom_css_main_element=&#8221;margin: auto;&#8221; global_colors_info=&#8221;{}&#8221;][et_pb_text _builder_version=&#8221;4.27.4&#8243; _module_preset=&#8221;default&#8221; text_font=&#8221;Lato||||||||&#8221; text_font_size=&#8221;17px&#8221; header_2_font=&#8221;Open Sans|300|||||||&#8221; header_2_text_color=&#8221;#FFFFFF&#8221; header_4_font=&#8221;Roboto Mono|700||on|||||&#8221; header_4_text_color=&#8221;#FFFFFF&#8221; header_4_font_size=&#8221;14px&#8221; background_layout=&#8221;dark&#8221; custom_margin=&#8221;|100px|||false|false&#8221; custom_margin_tablet=&#8221;|100px|||false|false&#8221; custom_margin_phone=&#8221;|10px|||false|false&#8221; custom_margin_last_edited=&#8221;on|phone&#8221; custom_padding=&#8221;0px||0px|||&#8221; custom_css_main_element=&#8221;margin:auto;&#8221; global_colors_info=&#8221;{}&#8221;]<\/p>\n<p data-start=\"5220\" data-end=\"5267\"><strong data-start=\"5223\" data-end=\"5267\">\ud83d\udc49 Contact us using the form on the front page and get a clear answer.<\/strong><\/p>\n<p>[\/et_pb_text][\/et_pb_column][\/et_pb_row][\/et_pb_section][et_pb_section fb_built=&#8221;1&#8243; admin_label=&#8221;Footer&#8221; _builder_version=&#8221;4.27.4&#8243; _module_preset=&#8221;default&#8221; background_color=&#8221;#FFFFFF&#8221; background_image=&#8221;https:\/\/wattium.fi\/wp-content\/uploads\/2025\/04\/augmented-reality-2.jpg&#8221; background_enable_image=&#8221;off&#8221; min_height=&#8221;165px&#8221; custom_padding=&#8221;0vw||0vw||true|false&#8221; global_module=&#8221;3117&#8243; saved_tabs=&#8221;all&#8221; collapsed=&#8221;off&#8221; global_colors_info=&#8221;{}&#8221;][et_pb_row column_structure=&#8221;1_6,1_6,1_6,1_6,1_6,1_6&#8243; _builder_version=&#8221;4.24.2&#8243; _module_preset=&#8221;default&#8221; global_colors_info=&#8221;{}&#8221;][et_pb_column type=&#8221;1_6&#8243; _builder_version=&#8221;4.22.1&#8243; _module_preset=&#8221;default&#8221; global_colors_info=&#8221;{}&#8221;][et_pb_image src=&#8221;https:\/\/wattium.fi\/wp-content\/uploads\/2025\/04\/Wattium-Oy-logo.png&#8221; alt=&#8221;Logo: Wattium&#8221; title_text=&#8221;Wattium-Oy logo&#8221; _builder_version=&#8221;4.27.4&#8243; _module_preset=&#8221;default&#8221; global_colors_info=&#8221;{}&#8221;][\/et_pb_image][\/et_pb_column][et_pb_column type=&#8221;1_6&#8243; _builder_version=&#8221;4.22.1&#8243; _module_preset=&#8221;default&#8221; global_colors_info=&#8221;{}&#8221;][\/et_pb_column][et_pb_column type=&#8221;1_6&#8243; _builder_version=&#8221;4.27.4&#8243; _module_preset=&#8221;default&#8221; global_colors_info=&#8221;{}&#8221;][et_pb_text admin_label=&#8221;Yhteystiedot&#8221; _builder_version=&#8221;4.27.4&#8243; _module_preset=&#8221;9075baef-de24-4219-ada1-5cb087d8f548&#8243; text_font=&#8221;Roboto Mono|700|||||||&#8221; text_text_color=&#8221;#3f3f3f&#8221; link_text_color=&#8221;#000000&#8243; custom_margin=&#8221;||10px||false|false&#8221; custom_padding=&#8221;||0px|||&#8221; global_colors_info=&#8221;{}&#8221;]<\/p>\n<p>Multatie 10<\/p>\n<p>90650 OULU<br \/><a href=\"mailto:info@wattium.fi\"><\/a><\/p>\n<p>[\/et_pb_text][\/et_pb_column][et_pb_column type=&#8221;1_6&#8243; _builder_version=&#8221;4.27.4&#8243; _module_preset=&#8221;default&#8221; global_colors_info=&#8221;{}&#8221;][et_pb_text admin_label=&#8221;Yhteystiedot&#8221; _builder_version=&#8221;4.27.4&#8243; _module_preset=&#8221;9075baef-de24-4219-ada1-5cb087d8f548&#8243; text_font=&#8221;Roboto Mono|700|||||||&#8221; text_text_color=&#8221;#3f3f3f&#8221; link_text_color=&#8221;#000000&#8243; custom_margin=&#8221;||10px||false|false&#8221; global_colors_info=&#8221;{}&#8221;]<\/p>\n<p>p.041 311 0239<\/p>\n<p><a href=\"mailto:info@wattium.fi\">info@wattium.fi<\/a><\/p>\n<p>[\/et_pb_text][\/et_pb_column][et_pb_column type=&#8221;1_6&#8243; _builder_version=&#8221;4.22.1&#8243; _module_preset=&#8221;default&#8221; global_colors_info=&#8221;{}&#8221;][\/et_pb_column][et_pb_column type=&#8221;1_6&#8243; _builder_version=&#8221;4.22.1&#8243; _module_preset=&#8221;default&#8221; global_colors_info=&#8221;{}&#8221;][et_pb_social_media_follow _builder_version=&#8221;4.27.4&#8243; _module_preset=&#8221;default&#8221; locked=&#8221;off&#8221; global_colors_info=&#8221;{}&#8221;][et_pb_social_media_follow_network social_network=&#8221;facebook&#8221; url=&#8221;https:\/\/www.facebook.com\/profile.php?id=61570822047603&#8243; icon_color=&#8221;#000000&#8243; _builder_version=&#8221;4.27.4&#8243; _module_preset=&#8221;default&#8221; background_enable_color=&#8221;off&#8221; global_colors_info=&#8221;{}&#8221; follow_button=&#8221;off&#8221; url_new_window=&#8221;on&#8221;]facebook[\/et_pb_social_media_follow_network][et_pb_social_media_follow_network social_network=&#8221;instagram&#8221; url=&#8221;https:\/\/www.instagram.com\/wattium.fi\/&#8221; icon_color=&#8221;#000000&#8243; _builder_version=&#8221;4.27.4&#8243; _module_preset=&#8221;default&#8221; background_color=&#8221;#ea2c59&#8243; background_enable_color=&#8221;off&#8221; global_colors_info=&#8221;{}&#8221; follow_button=&#8221;off&#8221; url_new_window=&#8221;on&#8221;]instagram[\/et_pb_social_media_follow_network][et_pb_social_media_follow_network social_network=&#8221;linkedin&#8221; url=&#8221;https:\/\/www.linkedin.com\/company\/wattium-oy\/&#8221; icon_color=&#8221;#000000&#8243; _builder_version=&#8221;4.27.4&#8243; _module_preset=&#8221;default&#8221; background_enable_color=&#8221;off&#8221; global_colors_info=&#8221;{}&#8221; follow_button=&#8221;off&#8221; url_new_window=&#8221;on&#8221;]linkedin[\/et_pb_social_media_follow_network][\/et_pb_social_media_follow][\/et_pb_column][\/et_pb_row][\/et_pb_section]<\/p>\n","protected":false},"excerpt":{"rendered":"<p>The starting point: a detached cottage with mainly only electronics and a 12V fridge when on site. When not present, the battery is switched off. Remote monitoring and inverters are not considered necessary here. The yield from solar panels is not taken into account, due to the fact that it is not available at all [&hellip;]<\/p>\n","protected":false},"author":3,"featured_media":0,"parent":0,"menu_order":30,"comment_status":"closed","ping_status":"closed","template":"","meta":{"_et_pb_use_builder":"on","_et_pb_old_content":"","_et_gb_content_width":"","_kadence_starter_templates_imported_post":false,"footnotes":""},"class_list":["post-5051","page","type-page","status-publish","hentry"],"jetpack_sharing_enabled":true,"_links":{"self":[{"href":"https:\/\/wattium.fi\/en\/wp-json\/wp\/v2\/pages\/5051","targetHints":{"allow":["GET"]}}],"collection":[{"href":"https:\/\/wattium.fi\/en\/wp-json\/wp\/v2\/pages"}],"about":[{"href":"https:\/\/wattium.fi\/en\/wp-json\/wp\/v2\/types\/page"}],"author":[{"embeddable":true,"href":"https:\/\/wattium.fi\/en\/wp-json\/wp\/v2\/users\/3"}],"replies":[{"embeddable":true,"href":"https:\/\/wattium.fi\/en\/wp-json\/wp\/v2\/comments?post=5051"}],"version-history":[{"count":20,"href":"https:\/\/wattium.fi\/en\/wp-json\/wp\/v2\/pages\/5051\/revisions"}],"predecessor-version":[{"id":5740,"href":"https:\/\/wattium.fi\/en\/wp-json\/wp\/v2\/pages\/5051\/revisions\/5740"}],"wp:attachment":[{"href":"https:\/\/wattium.fi\/en\/wp-json\/wp\/v2\/media?parent=5051"}],"curies":[{"name":"wp","href":"https:\/\/api.w.org\/{rel}","templated":true}]}}